{"id":991,"date":"2021-04-29T12:48:56","date_gmt":"2021-04-29T10:48:56","guid":{"rendered":"https:\/\/www.repaircafematheysine.fr\/?page_id=991"},"modified":"2026-02-21T16:48:48","modified_gmt":"2026-02-21T15:48:48","slug":"mentions-legales","status":"publish","type":"page","link":"https:\/\/www.repaircafematheysine.fr\/index.php\/mentions-legales\/","title":{"rendered":"Mentions l\u00e9gales"},"content":{"rendered":"\t\t<div data-elementor-type=\"wp-page\" data-elementor-id=\"991\" class=\"elementor elementor-991\">\n\t\t\t\t\t\t<section class=\"elementor-section elementor-top-section elementor-element elementor-element-d099314 elementor-section-boxed elementor-section-height-default elementor-section-height-default\" data-id=\"d099314\" data-element_type=\"section\" data-e-type=\"section\">\n\t\t\t\t\t\t<div class=\"elementor-container elementor-column-gap-default\">\n\t\t\t\t\t<div class=\"elementor-column elementor-col-33 elementor-top-column elementor-element elementor-element-3c011dd\" data-id=\"3c011dd\" data-element_type=\"column\" data-e-type=\"column\">\n\t\t\t<div class=\"elementor-widget-wrap\">\n\t\t\t\t\t\t\t<\/div>\n\t\t<\/div>\n\t\t\t\t<div class=\"elementor-column elementor-col-33 elementor-top-column elementor-element elementor-element-2d88f63\" data-id=\"2d88f63\" data-element_type=\"column\" data-e-type=\"column\">\n\t\t\t<div class=\"elementor-widget-wrap elementor-element-populated\">\n\t\t\t\t\t\t<div class=\"elementor-element elementor-element-0ffa99c elementor-widget elementor-widget-text-editor\" data-id=\"0ffa99c\" data-element_type=\"widget\" data-e-type=\"widget\" data-widget_type=\"text-editor.default\">\n\t\t\t\t<div class=\"elementor-widget-container\">\n\t\t\t\t\t\t\t\t\t<h2 style=\"text-align: center;\">Association loi 1901 :<\/h2><p style=\"text-align: left;\"><em>\u00a0 Nom de l\u2019association : <\/em> <span style=\"color: #000000;\"><strong>REPAIR CAFE de la MATHEYSINE<\/strong><\/span><\/p><p style=\"text-align: left;\"><em>\u00a0 Pr\u00e9sident de l\u2019association : <\/em><span style=\"color: #000000;\"><strong>Patrick Ballot<\/strong><\/span><\/p><p style=\"text-align: left;\"><em>\u00a0 Adresse du si\u00e8ge social : <\/em>Caf\u00e9 Beaumonde \u2013 Rue du jeu de quille \u2013 38350 La Mure\u00a0<\/p><p style=\"text-align: left;\"><em>\u00a0 Num\u00e9ro de t\u00e9l\u00e9phone : <\/em> <span style=\"color: #000000;\"><em> <b>06 52 93 48 41<\/b> <\/em><\/span><\/p><p style=\"text-align: left;\"><em>\u00a0 \u00a0<\/em><em>Courriel : <\/em> <span style=\"color: #000000;\"><em> <b>repaircafe38@gmail.com<\/b> <\/em><\/span><\/p><p style=\"text-align: left;\"><em>\u00a0 \u00a0N\u00b0 De l\u2019Association: <span style=\"color: #000000;\"><strong>W381024793<\/strong><\/span><\/em><\/p><p style=\"text-align: left;\"><em>\u00a0 \u00a0Date de cr\u00e9ation : <span style=\"color: #000000;\"><strong>01\/02\/2021<\/strong><\/span><\/em><\/p><p style=\"text-align: left;\">Lieu des activit\u00e9s :<span style=\"color: #000000;\"><strong style=\"font-family: var( --e-global-typography-text-font-family ), Sans-serif;\"><em> ch\u00e2teau de Beaumont \u00e0 La Mure\u00a0<\/em><\/strong><\/span><\/p><p style=\"text-align: left;\">\u00a0 Adresse :<span style=\"color: #000000;\"> <strong style=\"font-family: var( --e-global-typography-text-font-family ), Sans-serif;\"><em>rue du jeu de quille <\/em><\/strong><strong><b>La Mure 38350<\/b> <\/strong><\/span><\/p><p style=\"text-align: left;\"><em>\u00a0 H\u00e9bergeur : <span style=\"color: #000000;\"><strong>OVH<\/strong><\/span><\/em><\/p><p><em>\u00a0 Raison sociale : <\/em><\/p><p style=\"text-align: left;\"><em>\u00a0 \u00a0Adresse du si\u00e8ge: <\/em><\/p><p style=\"text-align: left;\"><em>\u00a0<\/em><\/p>\t\t\t\t\t\t\t\t<\/div>\n\t\t\t\t<\/div>\n\t\t\t\t\t<\/div>\n\t\t<\/div>\n\t\t\t\t<div class=\"elementor-column elementor-col-33 elementor-top-column elementor-element elementor-element-bf23d5b\" data-id=\"bf23d5b\" data-element_type=\"column\" data-e-type=\"column\">\n\t\t\t<div class=\"elementor-widget-wrap\">\n\t\t\t\t\t\t\t<\/div>\n\t\t<\/div>\n\t\t\t\t\t<\/div>\n\t\t<\/section>\n\t\t\t\t<\/div>\n\t\t","protected":false},"excerpt":{"rendered":"<p>Association loi 1901 : \u00a0 Nom de l\u2019association : REPAIR CAFE de la MATHEYSINE \u00a0 Pr\u00e9sident de l\u2019association : Patrick Ballot \u00a0 Adresse du si\u00e8ge social : Caf\u00e9 Beaumonde \u2013 Rue du jeu de quille \u2013 38350 La Mure\u00a0 \u00a0 Num\u00e9ro de t\u00e9l\u00e9phone : 06 52 93 48 41 \u00a0 \u00a0Courriel : repaircafe38@gmail.com \u00a0 \u00a0N\u00b0&nbsp;&hellip;<\/p>\n","protected":false},"author":2,"featured_media":0,"parent":0,"menu_order":0,"comment_status":"closed","ping_status":"closed","template":"","meta":{"footnotes":""},"class_list":["post-991","page","type-page","status-publish","hentry"],"yoast_head":"<!-- This site is optimized with the Yoast SEO plugin v27.4 - https:\/\/yoast.com\/product\/yoast-seo-wordpress\/ -->\n<title>Mentions l\u00e9gales -<\/title>\n<meta name=\"robots\" content=\"index, follow, max-snippet:-1, max-image-preview:large, max-video-preview:-1\" \/>\n<link rel=\"canonical\" href=\"https:\/\/www.repaircafematheysine.fr\/index.php\/mentions-legales\/\" \/>\n<meta property=\"og:locale\" content=\"fr_FR\" \/>\n<meta property=\"og:type\" content=\"article\" \/>\n<meta property=\"og:title\" content=\"Mentions l\u00e9gales -\" \/>\n<meta property=\"og:description\" content=\"Association loi 1901 : \u00a0 Nom de l\u2019association : REPAIR CAFE de la MATHEYSINE \u00a0 Pr\u00e9sident de l\u2019association : Patrick Ballot \u00a0 Adresse du si\u00e8ge social : Caf\u00e9 Beaumonde \u2013 Rue du jeu de quille \u2013 38350 La Mure\u00a0 \u00a0 Num\u00e9ro de t\u00e9l\u00e9phone : 06 52 93 48 41 \u00a0 \u00a0Courriel : repaircafe38@gmail.com \u00a0 \u00a0N\u00b0&nbsp;&hellip;\" \/>\n<meta property=\"og:url\" content=\"https:\/\/www.repaircafematheysine.fr\/index.php\/mentions-legales\/\" \/>\n<meta property=\"article:modified_time\" content=\"2026-02-21T15:48:48+00:00\" \/>\n<meta name=\"twitter:card\" content=\"summary_large_image\" \/>\n<meta name=\"twitter:label1\" content=\"Dur\u00e9e de lecture estim\u00e9e\" \/>\n\t<meta name=\"twitter:data1\" content=\"1 minute\" \/>\n<script type=\"application\/ld+json\" class=\"yoast-schema-graph\">{\"@context\":\"https:\\\/\\\/schema.org\",\"@graph\":[{\"@type\":\"WebPage\",\"@id\":\"https:\\\/\\\/www.repaircafematheysine.fr\\\/index.php\\\/mentions-legales\\\/\",\"url\":\"https:\\\/\\\/www.repaircafematheysine.fr\\\/index.php\\\/mentions-legales\\\/\",\"name\":\"Mentions l\u00e9gales -\",\"isPartOf\":{\"@id\":\"https:\\\/\\\/www.repaircafematheysine.fr\\\/#website\"},\"datePublished\":\"2021-04-29T10:48:56+00:00\",\"dateModified\":\"2026-02-21T15:48:48+00:00\",\"breadcrumb\":{\"@id\":\"https:\\\/\\\/www.repaircafematheysine.fr\\\/index.php\\\/mentions-legales\\\/#breadcrumb\"},\"inLanguage\":\"fr-FR\",\"potentialAction\":[{\"@type\":\"ReadAction\",\"target\":[\"https:\\\/\\\/www.repaircafematheysine.fr\\\/index.php\\\/mentions-legales\\\/\"]}]},{\"@type\":\"BreadcrumbList\",\"@id\":\"https:\\\/\\\/www.repaircafematheysine.fr\\\/index.php\\\/mentions-legales\\\/#breadcrumb\",\"itemListElement\":[{\"@type\":\"ListItem\",\"position\":1,\"name\":\"Accueil\",\"item\":\"https:\\\/\\\/www.repaircafematheysine.fr\\\/\"},{\"@type\":\"ListItem\",\"position\":2,\"name\":\"Mentions l\u00e9gales\"}]},{\"@type\":\"WebSite\",\"@id\":\"https:\\\/\\\/www.repaircafematheysine.fr\\\/#website\",\"url\":\"https:\\\/\\\/www.repaircafematheysine.fr\\\/\",\"name\":\"\",\"description\":\"Jeter ? Pas question !\",\"potentialAction\":[{\"@type\":\"SearchAction\",\"target\":{\"@type\":\"EntryPoint\",\"urlTemplate\":\"https:\\\/\\\/www.repaircafematheysine.fr\\\/?s={search_term_string}\"},\"query-input\":{\"@type\":\"PropertyValueSpecification\",\"valueRequired\":true,\"valueName\":\"search_term_string\"}}],\"inLanguage\":\"fr-FR\"}]}<\/script>\n<!-- \/ Yoast SEO plugin. -->","yoast_head_json":{"title":"Mentions l\u00e9gales -","robots":{"index":"index","follow":"follow","max-snippet":"max-snippet:-1","max-image-preview":"max-image-preview:large","max-video-preview":"max-video-preview:-1"},"canonical":"https:\/\/www.repaircafematheysine.fr\/index.php\/mentions-legales\/","og_locale":"fr_FR","og_type":"article","og_title":"Mentions l\u00e9gales -","og_description":"Association loi 1901 : \u00a0 Nom de l\u2019association : REPAIR CAFE de la MATHEYSINE \u00a0 Pr\u00e9sident de l\u2019association : Patrick Ballot \u00a0 Adresse du si\u00e8ge social : Caf\u00e9 Beaumonde \u2013 Rue du jeu de quille \u2013 38350 La Mure\u00a0 \u00a0 Num\u00e9ro de t\u00e9l\u00e9phone : 06 52 93 48 41 \u00a0 \u00a0Courriel : repaircafe38@gmail.com \u00a0 \u00a0N\u00b0&nbsp;&hellip;","og_url":"https:\/\/www.repaircafematheysine.fr\/index.php\/mentions-legales\/","article_modified_time":"2026-02-21T15:48:48+00:00","twitter_card":"summary_large_image","twitter_misc":{"Dur\u00e9e de lecture estim\u00e9e":"1 minute"},"schema":{"@context":"https:\/\/schema.org","@graph":[{"@type":"WebPage","@id":"https:\/\/www.repaircafematheysine.fr\/index.php\/mentions-legales\/","url":"https:\/\/www.repaircafematheysine.fr\/index.php\/mentions-legales\/","name":"Mentions l\u00e9gales -","isPartOf":{"@id":"https:\/\/www.repaircafematheysine.fr\/#website"},"datePublished":"2021-04-29T10:48:56+00:00","dateModified":"2026-02-21T15:48:48+00:00","breadcrumb":{"@id":"https:\/\/www.repaircafematheysine.fr\/index.php\/mentions-legales\/#breadcrumb"},"inLanguage":"fr-FR","potentialAction":[{"@type":"ReadAction","target":["https:\/\/www.repaircafematheysine.fr\/index.php\/mentions-legales\/"]}]},{"@type":"BreadcrumbList","@id":"https:\/\/www.repaircafematheysine.fr\/index.php\/mentions-legales\/#breadcrumb","itemListElement":[{"@type":"ListItem","position":1,"name":"Accueil","item":"https:\/\/www.repaircafematheysine.fr\/"},{"@type":"ListItem","position":2,"name":"Mentions l\u00e9gales"}]},{"@type":"WebSite","@id":"https:\/\/www.repaircafematheysine.fr\/#website","url":"https:\/\/www.repaircafematheysine.fr\/","name":"","description":"Jeter ? Pas question !","potentialAction":[{"@type":"SearchAction","target":{"@type":"EntryPoint","urlTemplate":"https:\/\/www.repaircafematheysine.fr\/?s={search_term_string}"},"query-input":{"@type":"PropertyValueSpecification","valueRequired":true,"valueName":"search_term_string"}}],"inLanguage":"fr-FR"}]}},"_links":{"self":[{"href":"https:\/\/www.repaircafematheysine.fr\/index.php\/wp-json\/wp\/v2\/pages\/991","targetHints":{"allow":["GET"]}}],"collection":[{"href":"https:\/\/www.repaircafematheysine.fr\/index.php\/wp-json\/wp\/v2\/pages"}],"about":[{"href":"https:\/\/www.repaircafematheysine.fr\/index.php\/wp-json\/wp\/v2\/types\/page"}],"author":[{"embeddable":true,"href":"https:\/\/www.repaircafematheysine.fr\/index.php\/wp-json\/wp\/v2\/users\/2"}],"replies":[{"embeddable":true,"href":"https:\/\/www.repaircafematheysine.fr\/index.php\/wp-json\/wp\/v2\/comments?post=991"}],"version-history":[{"count":19,"href":"https:\/\/www.repaircafematheysine.fr\/index.php\/wp-json\/wp\/v2\/pages\/991\/revisions"}],"predecessor-version":[{"id":2030,"href":"https:\/\/www.repaircafematheysine.fr\/index.php\/wp-json\/wp\/v2\/pages\/991\/revisions\/2030"}],"wp:attachment":[{"href":"https:\/\/www.repaircafematheysine.fr\/index.php\/wp-json\/wp\/v2\/media?parent=991"}],"curies":[{"name":"wp","href":"https:\/\/api.w.org\/{rel}","templated":true}]}}